{"id":6498,"date":"2020-03-17T10:52:14","date_gmt":"2020-03-17T09:52:14","guid":{"rendered":"https:\/\/www.canpintxo.com\/avisos-legales\/"},"modified":"2021-07-07T16:00:49","modified_gmt":"2021-07-07T14:00:49","slug":"avisos-legales","status":"publish","type":"page","link":"https:\/\/www.canpintxo.com\/de\/avisos-legales\/","title":{"rendered":"Rechtliche Hinweise"},"content":{"rendered":"<p>&nbsp;<\/p>\n<div id=\"clickdatos\">\n<p>In den vorliegenden rechtlichen Hinweisen findet der Nutzer alle Informationen zu den rechtlichen Bedingungen, die das Verh\u00e4ltnis zwischen den Nutzern und dem Verantwortlichen f\u00fcr die unter der URL-Adresse https:\/\/www.canpintxo.com zug\u00e4ngliche Website (im Folgenden: die Website), die ALICUACAROS GROUP S.L. den Internetnutzern zur Verf\u00fcgung stellt, definieren.<br \/>\nDie Nutzung der Website setzt die vollst\u00e4ndige und uneingeschr\u00e4nkte Annahme aller in diesem rechtlichen Hinweis enthaltenen Bestimmungen voraus. Folglich muss der Nutzer der Website diese rechtlichen Hinweise jedes Mal sorgf\u00e4ltig lesen, wenn er die Website nutzen m\u00f6chte, da der Text nach Ermessen des Eigent\u00fcmers der Website oder aufgrund einer \u00c4nderung der Gesetzgebung, der Rechtsprechung oder der Gesch\u00e4ftspraxis ge\u00e4ndert werden kann.<\/p>\n<h2>1.- ANGABEN ZUR VERANTWORTLICHEN PERSON DES INHABERS DER WEBSITE.<\/h2>\n<p>Name des Eigent\u00fcmers: ALICUACAROS GROUP S.L.<br \/>\nFirmensitz: C\/ RECTOR\u00cdA, 1<br \/>\nC.I.F.: B57342081<br \/>\nKontakt-Telefon: 971631643<br \/>\nE-Mail: info@canpintxo.com<\/p>\n<p>ALICUACAROS GROUP S.L. ist f\u00fcr die Website verantwortlich und verpflichtet sich zur Einhaltung aller nationalen und europ\u00e4ischen Vorschriften, die den Umgang mit den personenbezogenen Daten der Nutzer regeln.<\/p>\n<p>Diese Website garantiert den Schutz und die Vertraulichkeit der uns zur Verf\u00fcgung gestellten personenbezogenen Daten gem\u00e4\u00df den Bestimmungen der Allgemeinen Verordnung \u00fcber den Schutz personenbezogener Daten (EU) 2016\/679 des Europ\u00e4ischen Parlaments und des Rates vom 27. April 2016, des Organgesetzes 3\/2018 \u00fcber den Schutz personenbezogener Daten und die Gew\u00e4hrleistung digitaler Rechte sowie des Gesetzes \u00fcber Dienstleistungen der Informationsgesellschaft und des elektronischen Handels 34\/2002 vom 11. Juli (LSSI-CE).<\/p>\n<h2>2.- ZWECK.<\/h2>\n<p>Die Website erm\u00f6glicht den Nutzern den Zugang zu Informationen und Dienstleistungen, die von ALICUACAROS GROUP S.L. f\u00fcr die daran interessierten Personen oder Organisationen angeboten werden.<\/p>\n<p>Der Zugang zu und die Nutzung der Website verleiht den Status eines Benutzers der Website (im Folgenden &#8222;Benutzer&#8220;) und setzt die Annahme aller Bedingungen voraus, die in diesen rechtlichen Hinweisen und deren \u00c4nderungen enthalten sind. Die Bereitstellung des Webseitendienstes ist auf die Zeit beschr\u00e4nkt, in der der Benutzer mit der Website oder mit einem der \u00fcber sie angebotenen Dienste verbunden ist. Daher muss der Benutzer diese rechtlichen Hinweise jedes Mal sorgf\u00e4ltig lesen, wenn er die Website nutzen m\u00f6chte, da die Website und ihre in diesen rechtlichen Hinweisen enthaltenen Nutzungsbedingungen \u00c4nderungen unterliegen k\u00f6nnen.<\/p>\n<h2>3.- ZUGANG UND NUTZUNG DES WEBS.<\/h2>\n<p>3.1.- Kostenloser Zugang und Nutzung der Website. Der Zugang zur Website ist f\u00fcr die Nutzer derselben kostenlos, mit Ausnahme der Kosten f\u00fcr die Verbindung \u00fcber das Telekommunikationsnetz, die von dem von den Nutzern beauftragten Zugangsanbieter bereitgestellt werden.<br \/>\n3.2.- Benutzerregistrierung. Im Allgemeinen ist f\u00fcr den Zugang und die Nutzung der Website keine vorherige Anmeldung oder Registrierung der Nutzer derselben erforderlich.<br \/>\n3.3.- Der Benutzer garantiert und ist in jedem Fall verantwortlich f\u00fcr die Richtigkeit, G\u00fcltigkeit und Authentizit\u00e4t der angegebenen pers\u00f6nlichen Daten und verpflichtet sich, diese ordnungsgem\u00e4\u00df auf dem neuesten Stand zu halten. Der Nutzer verpflichtet sich, vollst\u00e4ndige und korrekte Angaben im Kontakt- oder Anmeldeformular zu machen.<\/p>\n<p>In keinem Fall werden Daten \u00fcber die berufliche oder wirtschaftliche Situation oder die Privatsph\u00e4re anderer Familienmitglieder von Minderj\u00e4hrigen ohne deren Einwilligung erhoben. Wenn Sie unter dreizehn Jahre alt sind und auf diese Website zugegriffen haben, ohne Ihre Eltern zu informieren, sollten Sie sich nicht als Benutzer registrieren.<\/p>\n<p>Diese Website respektiert und pflegt die pers\u00f6nlichen Daten ihrer Nutzer. Als Benutzer sollten Sie wissen, dass Ihre Rechte garantiert sind.<\/p>\n<h2>4.- INHALTE DER BAHN.<\/h2>\n<p>Die Sprache, die der Eigent\u00fcmer auf der Website verwendet, wird Spanisch sein. ALICUACAROS GROUP S.L. \u00fcbernimmt keine Verantwortung f\u00fcr das Nichtverstehen der Sprache der Website durch den Benutzer und f\u00fcr die daraus resultierenden Folgen.<br \/>\nALICUACAROS GROUP S.L. ist in der Lage, die Inhalte ohne vorherige Ank\u00fcndigung zu \u00e4ndern, zu unterdr\u00fccken und innerhalb der Webseite zu ver\u00e4ndern, ebenso wie die Form, in der man auf diese zugreift, ohne jegliche Rechtfertigung und frei, ohne die Verantwortung f\u00fcr die Folgen zu \u00fcbernehmen, die diese den Benutzern verursachen k\u00f6nnten.<br \/>\nEs ist untersagt, die Inhalte der Website ohne Genehmigung der ALICUACAROS GROUP S.L. zu nutzen, um eigene oder fremde Werbung oder Informationen zu bewerben, zu vermieten oder zu verbreiten, noch Werbung oder Informationen unter Nutzung der den Nutzern zur Verf\u00fcgung gestellten Dienste oder Informationen zu versenden, unabh\u00e4ngig davon, ob die Nutzung kostenlos ist oder nicht.<br \/>\nDie Links oder Hyperlinks, die Dritte in ihre Webseiten einbauen, die auf diese Webseite verweisen, dienen der \u00d6ffnung der gesamten Webseite und k\u00f6nnen weder direkt noch indirekt falsche, ungenaue oder verwirrende Angaben machen, noch zu illoyalen oder unerlaubten Handlungen gegen ALICUACAROS GROUP S.L. f\u00fchren.<\/p>\n<h2>5.- SICHERHEITSMASSNAHMEN.<\/h2>\n<p>Die vom Benutzer mitgeteilten personenbezogenen Daten k\u00f6nnen in automatisierten Datenbanken gespeichert werden oder auch nicht, deren Eigentum ausschlie\u00dflich der ALICUACAROS GROUP S.L. entspricht, wobei alle technischen, organisatorischen und sicherheitstechnischen Ma\u00dfnahmen ergriffen werden, um die Vertraulichkeit, Integrit\u00e4t und Qualit\u00e4t der darin enthaltenen Informationen in \u00dcbereinstimmung mit den Bestimmungen der geltenden Vorschriften zum Schutz personenbezogener Daten zu gew\u00e4hrleisten.<\/p>\n<h2>6.- HAFTUNGSBESCHR\u00c4NKUNG.<\/h2>\n<p>Sowohl der Zugriff auf die Website als auch jede nicht konsensuale Nutzung der darin enthaltenen Informationen liegt in der alleinigen Verantwortung des Nutzers. ALICUACAROS GROUP S.L. haftet nicht f\u00fcr Folgen oder Sch\u00e4den, die sich aus einem solchen Zugriff oder einer solchen Nutzung ergeben k\u00f6nnen. ALICUACAROS GROUP S.L. ist nicht verantwortlich f\u00fcr eventuelle Sicherheitsfehler oder Sch\u00e4den, die am Computersystem (Hardware und Software) des Benutzers oder an den darin gespeicherten Dateien oder Dokumenten entstehen k\u00f6nnen:<br \/>\n&#8211; das Vorhandensein eines Virus auf dem Computer des Benutzers, der zur Verbindung mit den Diensten und Inhalten des Webs verwendet wird.<br \/>\n&#8211; eine Fehlfunktion des Browsers.<br \/>\n&#8211; und\/oder die Verwendung von nicht aktualisierten Versionen derselben.<br \/>\nALICUACAROS GROUP S.L. ist nicht verantwortlich f\u00fcr die Zuverl\u00e4ssigkeit und Schnelligkeit der Hyperlinks, die in das Web zur \u00d6ffnung von anderen eingebaut sind. ALICUACAROS GROUP S.L. garantiert weder die N\u00fctzlichkeit dieser Links, noch ist sie verantwortlich f\u00fcr die Inhalte oder Dienstleistungen, auf die der Benutzer \u00fcber diese Links zugreifen kann, noch f\u00fcr das korrekte Funktionieren dieser Websites.<br \/>\nALICUACAROS GROUP S.L. haftet nicht f\u00fcr Viren oder andere Computerprogramme, die die Computersysteme oder Ger\u00e4te der Benutzer beim Zugriff auf ihre Website oder andere Websites, die \u00fcber Links von dieser Website aus aufgerufen wurden, besch\u00e4digen oder besch\u00e4digen k\u00f6nnen.<\/p>\n<h2>7.- VERWENDUNG DER &#8222;COOKIE&#8220;-TECHNOLOGIE.<\/h2>\n<p>Die Website kann Cookies oder \u00e4hnliche Technologien verwenden, die den Bestimmungen der Cookie-Richtlinie unterliegen, die jederzeit zug\u00e4nglich ist und die Vertraulichkeit und Privatsph\u00e4re des Benutzers respektiert und einen integralen Bestandteil dieses rechtlichen Hinweises darstellt.<\/p>\n<h2>8.- NAVIGATION.<\/h2>\n<p>Internet-Server k\u00f6nnen nicht identifizierbare Daten sammeln, zu denen IP-Adressen und andere Daten geh\u00f6ren k\u00f6nnen, die nicht zur Identifizierung des Benutzers verwendet werden k\u00f6nnen. Ihre IP-Adresse wird in den Zugriffsprotokollen automatisch und ausschlie\u00dflich zu dem Zweck gespeichert, den Transit \u00fcber das Internet zu erm\u00f6glichen, da es notwendig ist, dass Ihr Computer diese IP-Adresse beim Surfen im Internet angibt, damit die Kommunikation erfolgen kann. Ebenso kann die IP-Adresse verwendet werden, um auf anonyme Weise Statistiken \u00fcber die Anzahl der Besucher dieser Website und deren Herkunft zu erstellen, und zwar in einer f\u00fcr Ihre Navigation v\u00f6llig transparenten Weise.<\/p>\n<h2>9.- GEISTIGES UND GEWERBLICHES EIGENTUM<\/h2>\n<p>Der Benutzer wei\u00df und akzeptiert, dass alle Inhalte und\/oder alle anderen Elemente der Website Eigentum der ALICUACAROS GROUP S.L. sind, und verpflichtet sich, die geistigen und gewerblichen Eigentumsrechte der ALICUACAROS GROUP S.L. zu respektieren. Jegliche Nutzung der Website oder ihrer Inhalte hat ausschlie\u00dflich privat zu erfolgen.<br \/>\nJede andere Verwendung, die das Kopieren, die Reproduktion, den Vertrieb, die Umwandlung, die \u00f6ffentliche Kommunikation oder eine andere \u00e4hnliche Handlung des gesamten oder eines Teils des Inhalts der Website beinhaltet, ist ausschlie\u00dflich ALICUACAROS GROUP S.L. vorbehalten, so dass kein Benutzer diese Handlungen ohne vorherige schriftliche Genehmigung von ALICUACAROS GROUP S.L. durchf\u00fchren darf.<\/p>\n<h2>10.- ANWENDBARES RECHT UND ZUST\u00c4NDIGE GERICHTSBARKEIT<\/h2>\n<p>Dieser Rechtliche Hinweis wird in \u00dcbereinstimmung mit spanischem Recht ausgelegt und geregelt. ALICUACAROS GROUP S.L. und die Benutzer unterwerfen sich, unter ausdr\u00fccklichem Verzicht auf jeden anderen ihnen zustehenden Gerichtsstand, den Gerichten des Wohnsitzes des Benutzers f\u00fcr alle Streitigkeiten, die sich aus dem Zugang oder der Benutzung der Website ergeben k\u00f6nnen. F\u00fcr den Fall, dass der Nutzer seinen Wohnsitz au\u00dferhalb Spaniens hat, unterwerfen sich ALICUACAROS GROUP S.L. und der Nutzer, unter ausdr\u00fccklichem Verzicht auf jeden anderen Gerichtsstand, den Gerichten des Sitzes von S\u00d3LLER.<\/p>\n<\/div>\n","protected":false},"excerpt":{"rendered":"<p>&nbsp; In den vorliegenden rechtlichen Hinweisen findet der Nutzer alle Informationen zu den rechtlichen Bedingungen, die das Verh\u00e4ltnis zwischen den Nutzern und dem Verantwortlichen f\u00fcr die unter der URL-Adresse https:\/\/www.canpintxo.com zug\u00e4ngliche Website (im Folgenden: die Website), die ALICUACAROS GROUP S.L. den Internetnutzern zur Verf\u00fcgung stellt, definieren. Die Nutzung der Website setzt die vollst\u00e4ndige und uneingeschr\u00e4nkte [&hellip;]<\/p>\n","protected":false},"author":4,"featured_media":0,"parent":0,"menu_order":0,"comment_status":"closed","ping_status":"closed","template":"","meta":{"jetpack_post_was_ever_published":false,"footnotes":""},"class_list":["post-6498","page","type-page","status-publish","hentry"],"jetpack_shortlink":"https:\/\/wp.me\/P22Kd7-1GO","jetpack-related-posts":[{"id":8485,"url":"https:\/\/www.canpintxo.com\/de\/politica-cookies\/","url_meta":{"origin":6498,"position":0},"title":"Cookie-Richtlinie","author":"Patricia","date":"17. M\u00e4rz 2020","format":false,"excerpt":"COOKIE-POLITIK Auf der Website https:\/\/www.canpintxo.com (nachfolgend die Website) verwenden wir Cookies, um die Beziehung der Besucher zu unseren Inhalten zu erleichtern und um uns zu erm\u00f6glichen, Statistiken \u00fcber die Besucher, die wir erhalten, zu erstellen. Wir informieren Sie dar\u00fcber, dass wir Cookies verwenden k\u00f6nnen, um Ihnen die Navigation durch die\u2026","rel":"","context":"\u00c4hnlicher Beitrag","block_context":{"text":"\u00c4hnlicher Beitrag","link":""},"img":{"alt_text":"","src":"","width":0,"height":0},"classes":[]},{"id":8379,"url":"https:\/\/www.canpintxo.com\/de\/reserva\/","url_meta":{"origin":6498,"position":1},"title":"RESERVIERUNG","author":"Patricia","date":"6. April 2021","format":false,"excerpt":"","rel":"","context":"\u00c4hnlicher Beitrag","block_context":{"text":"\u00c4hnlicher Beitrag","link":""},"img":{"alt_text":"","src":"","width":0,"height":0},"classes":[]},{"id":8385,"url":"https:\/\/www.canpintxo.com\/de\/compromiso-local\/","url_meta":{"origin":6498,"position":2},"title":"UNSERE LIEFERANTEN","author":"Patricia","date":"30. M\u00e4rz 2021","format":false,"excerpt":"","rel":"","context":"\u00c4hnlicher Beitrag","block_context":{"text":"\u00c4hnlicher Beitrag","link":""},"img":{"alt_text":"","src":"","width":0,"height":0},"classes":[]},{"id":6496,"url":"https:\/\/www.canpintxo.com\/en\/avisos-legales\/","url_meta":{"origin":6498,"position":3},"title":"Legal Notices","author":"Patricia","date":"17. M\u00e4rz 2020","format":false,"excerpt":"\u00a0 In this Legal Notice, the User may find all the information relating to the legal conditions that define the relationship between users and the person responsible for the website accessible at the URL address https:\/\/www.canpintxo.com (hereinafter, the website), which ALICUACAROS GROUP S.L. makes available to Internet users. The use\u2026","rel":"","context":"\u00c4hnlicher Beitrag","block_context":{"text":"\u00c4hnlicher Beitrag","link":""},"img":{"alt_text":"","src":"","width":0,"height":0},"classes":[]},{"id":8484,"url":"https:\/\/www.canpintxo.com\/en\/politica-cookies\/","url_meta":{"origin":6498,"position":4},"title":"Cookie Policy","author":"Patricia","date":"17. M\u00e4rz 2020","format":false,"excerpt":"COOKIE POLICY On the website https:\/\/www.canpintxo.com (hereinafter, the Website) we use cookies to facilitate the relationship between visitors and our content and to enable us to compile statistics on the visitors we receive. We inform you that we may use cookies in order to facilitate your navigation through the Website,\u2026","rel":"","context":"\u00c4hnlicher Beitrag","block_context":{"text":"\u00c4hnlicher Beitrag","link":""},"img":{"alt_text":"","src":"","width":0,"height":0},"classes":[]},{"id":8268,"url":"https:\/\/www.canpintxo.com\/en\/reserva\/","url_meta":{"origin":6498,"position":5},"title":"RESERVATION","author":"Patricia","date":"6. April 2021","format":false,"excerpt":"","rel":"","context":"\u00c4hnlicher Beitrag","block_context":{"text":"\u00c4hnlicher Beitrag","link":""},"img":{"alt_text":"","src":"","width":0,"height":0},"classes":[]}],"jetpack_sharing_enabled":true,"_links":{"self":[{"href":"https:\/\/www.canpintxo.com\/de\/wp-json\/wp\/v2\/pages\/6498","targetHints":{"allow":["GET"]}}],"collection":[{"href":"https:\/\/www.canpintxo.com\/de\/wp-json\/wp\/v2\/pages"}],"about":[{"href":"https:\/\/www.canpintxo.com\/de\/wp-json\/wp\/v2\/types\/page"}],"author":[{"embeddable":true,"href":"https:\/\/www.canpintxo.com\/de\/wp-json\/wp\/v2\/users\/4"}],"replies":[{"embeddable":true,"href":"https:\/\/www.canpintxo.com\/de\/wp-json\/wp\/v2\/comments?post=6498"}],"version-history":[{"count":5,"href":"https:\/\/www.canpintxo.com\/de\/wp-json\/wp\/v2\/pages\/6498\/revisions"}],"predecessor-version":[{"id":8511,"href":"https:\/\/www.canpintxo.com\/de\/wp-json\/wp\/v2\/pages\/6498\/revisions\/8511"}],"wp:attachment":[{"href":"https:\/\/www.canpintxo.com\/de\/wp-json\/wp\/v2\/media?parent=6498"}],"curies":[{"name":"wp","href":"https:\/\/api.w.org\/{rel}","templated":true}]}}