{"id":8126,"date":"2021-06-09T10:43:27","date_gmt":"2021-06-09T08:43:27","guid":{"rendered":"https:\/\/www.canpintxo.com\/selecciona-la-carta\/"},"modified":"2026-03-12T10:11:50","modified_gmt":"2026-03-12T09:11:50","slug":"selecciona-la-carta","status":"publish","type":"page","link":"https:\/\/www.canpintxo.com\/de\/selecciona-la-carta\/","title":{"rendered":"W\u00c4HLEN SIE DAS MEN\u00dc"},"content":{"rendered":"\n<style type=\"text\/css\" data-created_by=\"avia_inline_auto\" id=\"style-css-av-f5xn2-8c807f09f6d9984b3fce27ca08af1ef1\">\n.avia-section.av-f5xn2-8c807f09f6d9984b3fce27ca08af1ef1{\nbackground-color:#000000;\nbackground-image:unset;\n}\n<\/style>\n<div id='av_section_1'  class='avia-section av-f5xn2-8c807f09f6d9984b3fce27ca08af1ef1 main_color avia-section-default avia-no-shadow  avia-builder-el-0  el_before_av_image  avia-builder-el-first  avia-bg-style-parallax container_wrap sidebar_right'  ><div class='container av-section-cont-open' ><main  role=\"main\" itemprop=\"mainContentOfPage\"  class='template-page content  av-content-small alpha units'><div class='post-entry post-entry-type-page post-entry-8126'><div class='entry-content-wrapper clearfix'>\n\n<style type=\"text\/css\" data-created_by=\"avia_inline_auto\" id=\"style-css-av-kppaikur-0446efd08a6f8697eac1ba9dcf8a5f2a\">\n#top .av-special-heading.av-kppaikur-0446efd08a6f8697eac1ba9dcf8a5f2a{\npadding-bottom:0;\ncolor:#ffffff;\nfont-size:60px;\n}\nbody .av-special-heading.av-kppaikur-0446efd08a6f8697eac1ba9dcf8a5f2a .av-special-heading-tag .heading-char{\nfont-size:25px;\n}\n#top #wrap_all .av-special-heading.av-kppaikur-0446efd08a6f8697eac1ba9dcf8a5f2a .av-special-heading-tag{\nfont-size:60px;\n}\n.av-special-heading.av-kppaikur-0446efd08a6f8697eac1ba9dcf8a5f2a .special-heading-inner-border{\nborder-color:#ffffff;\n}\n.av-special-heading.av-kppaikur-0446efd08a6f8697eac1ba9dcf8a5f2a .av-subheading{\nfont-size:18px;\n}\n\n@media only screen and (min-width: 480px) and (max-width: 767px){ \n#top #wrap_all .av-special-heading.av-kppaikur-0446efd08a6f8697eac1ba9dcf8a5f2a .av-special-heading-tag{\nfont-size:0.8em;\n}\n}\n\n@media only screen and (max-width: 479px){ \n#top #wrap_all .av-special-heading.av-kppaikur-0446efd08a6f8697eac1ba9dcf8a5f2a .av-special-heading-tag{\nfont-size:0.8em;\n}\n}\n<\/style>\n<div  class='av-special-heading av-kppaikur-0446efd08a6f8697eac1ba9dcf8a5f2a av-special-heading-h1 custom-color-heading blockquote modern-quote  avia-builder-el-1  avia-builder-el-no-sibling  av-inherit-size'><h1 class='av-special-heading-tag '  itemprop=\"headline\"  >W\u00c4HLEN SIE DAS MEN\u00dc<\/h1><div class=\"special-heading-border\"><div class=\"special-heading-inner-border\"><\/div><\/div><\/div>\n<\/div><\/div><\/main><!-- close content main element --><\/div><\/div><div id='after_section_1'  class='main_color av_default_container_wrap container_wrap sidebar_right'  ><div class='container av-section-cont-open' ><div class='template-page content  av-content-small alpha units'><div class='post-entry post-entry-type-page post-entry-8126'><div class='entry-content-wrapper clearfix'>\n\n<style type=\"text\/css\" data-created_by=\"avia_inline_auto\" id=\"style-css-av-kpp6nsq9-ccd4d7f752de2abe0933f3a81a159691\">\n.avia-image-container.av-kpp6nsq9-ccd4d7f752de2abe0933f3a81a159691 img.avia_image{\nbox-shadow:none;\n}\n.avia-image-container.av-kpp6nsq9-ccd4d7f752de2abe0933f3a81a159691 .av-image-caption-overlay-center{\ncolor:#ffffff;\n}\n<\/style>\n<div  class='avia-image-container av-kpp6nsq9-ccd4d7f752de2abe0933f3a81a159691 av-styling- avia-align-center  avia-builder-el-2  el_after_av_section  el_before_av_section  avia-builder-el-no-sibling '   itemprop=\"image\" itemscope=\"itemscope\" itemtype=\"https:\/\/schema.org\/ImageObject\" ><div class=\"avia-image-container-inner\"><div class=\"avia-image-overlay-wrap\"><img decoding=\"async\" fetchpriority=\"high\" class='wp-image-8094 avia-img-lazy-loading-not-8094 avia_image ' src=\"https:\/\/i0.wp.com\/www.canpintxo.com\/wp-content\/uploads\/2021\/06\/Logo-CP_Restaurant-N-01-2.png?fit=250%2C167&ssl=1\" alt='' title='Logo-CP_Restaurant-N-01-2'  height=\"167\" width=\"250\"  itemprop=\"thumbnailUrl\"  \/><\/div><\/div><\/div>\n<\/div><\/div><\/div><!-- close content main div --><\/div><\/div><div id='av_section_2'  class='avia-section av-kpp6rl25-75d6d91a0373785c129dd460f38368f5 main_color avia-section-no-padding avia-no-border-styling  avia-builder-el-3  el_after_av_image  avia-builder-el-last  avia-bg-style-scroll av-minimum-height av-minimum-height-custom av-height-custom  container_wrap sidebar_right'  ><div class='container av-section-cont-open' ><div class='template-page content  av-content-small alpha units'><div class='post-entry post-entry-type-page post-entry-8126'><div class='entry-content-wrapper clearfix'>\n<section  class='av_textblock_section av-kpp5p4ac-497bc087836559b8855f85101779c445 '   itemscope=\"itemscope\" itemtype=\"https:\/\/schema.org\/CreativeWork\" ><div class='avia_textblock'  itemprop=\"text\" ><p style=\"text-align: center;\"><a class=\"maxbutton-4 maxbutton maxbutton-idiomas-es\" title=\"tooltip\" rel=\"nofollow noopener\" href=\"https:\/\/www.canpintxo.com\/wp-content\/uploads\/2026\/03\/Menus-Grupos-2026-AL.pdf\"><span class='mb-text'>MEN\u00dcS GRUPPEN<\/span><\/a><\/p>\n<\/div><\/section>\n<section  class='av_textblock_section av-m7p5ad2s-5fb6b6163bc05a94375be6a9e7363028 '   itemscope=\"itemscope\" itemtype=\"https:\/\/schema.org\/CreativeWork\" ><div class='avia_textblock'  itemprop=\"text\" ><p style=\"text-align: center;\"><a class=\"maxbutton-4 maxbutton maxbutton-idiomas-es\" title=\"tooltip\" rel=\"nofollow noopener\" href=\"https:\/\/www.canpintxo.com\/wp-content\/uploads\/2026\/03\/Carta-CP-2026-AL.pdf\"><span class='mb-text'>MEN\u00dc<\/span><\/a><\/p>\n<\/div><\/section>\n<section  class='av_textblock_section av-kpp60nhb-7ec44e0a30a576c21de81984a5acfb5e '   itemscope=\"itemscope\" itemtype=\"https:\/\/schema.org\/CreativeWork\" ><div class='avia_textblock'  itemprop=\"text\" ><p style=\"text-align: center;\"><a class=\"maxbutton-4 maxbutton maxbutton-idiomas-es\" title=\"tooltip\" rel=\"nofollow noopener\" href=\"https:\/\/www.canpintxo.com\/de\/seccion-bebidas\/\"><span class='mb-text'>GETR\u00c4NKE<\/span><\/a><\/p>\n<\/div><\/section>\n\n<style type=\"text\/css\" data-created_by=\"avia_inline_auto\" id=\"style-css-av-kpp6ta9b-a197e07d34d6cf168849d5114d9d7ca7\">\n#top .hr.hr-invisible.av-kpp6ta9b-a197e07d34d6cf168849d5114d9d7ca7{\nheight:50px;\n}\n<\/style>\n<div  class='hr av-kpp6ta9b-a197e07d34d6cf168849d5114d9d7ca7 hr-invisible  avia-builder-el-7  el_after_av_textblock  avia-builder-el-last '><span class='hr-inner '><span class=\"hr-inner-style\"><\/span><\/span><\/div>\n<\/div><\/div><\/div><!-- close content main div --><\/div><\/div><div id='after_section_2'  class='main_color av_default_container_wrap container_wrap sidebar_right'  ><div class='container av-section-cont-open' ><div class='template-page content  av-content-small alpha units'><div class='post-entry post-entry-type-page post-entry-8126'><div class='entry-content-wrapper clearfix'>\n","protected":false},"excerpt":{"rendered":"","protected":false},"author":4,"featured_media":0,"parent":0,"menu_order":0,"comment_status":"closed","ping_status":"closed","template":"","meta":{"jetpack_post_was_ever_published":false,"footnotes":""},"class_list":["post-8126","page","type-page","status-publish","hentry"],"jetpack_shortlink":"https:\/\/wp.me\/P22Kd7-274","jetpack-related-posts":[{"id":8379,"url":"https:\/\/www.canpintxo.com\/de\/reserva\/","url_meta":{"origin":8126,"position":0},"title":"RESERVIERUNG","author":"Patricia","date":"6. April 2021","format":false,"excerpt":"","rel":"","context":"\u00c4hnlicher Beitrag","block_context":{"text":"\u00c4hnlicher Beitrag","link":""},"img":{"alt_text":"","src":"","width":0,"height":0},"classes":[]},{"id":8268,"url":"https:\/\/www.canpintxo.com\/en\/reserva\/","url_meta":{"origin":8126,"position":1},"title":"RESERVATION","author":"Patricia","date":"6. April 2021","format":false,"excerpt":"","rel":"","context":"\u00c4hnlicher Beitrag","block_context":{"text":"\u00c4hnlicher Beitrag","link":""},"img":{"alt_text":"","src":"","width":0,"height":0},"classes":[]},{"id":8385,"url":"https:\/\/www.canpintxo.com\/de\/compromiso-local\/","url_meta":{"origin":8126,"position":2},"title":"UNSERE LIEFERANTEN","author":"Patricia","date":"30. M\u00e4rz 2021","format":false,"excerpt":"","rel":"","context":"\u00c4hnlicher Beitrag","block_context":{"text":"\u00c4hnlicher Beitrag","link":""},"img":{"alt_text":"","src":"","width":0,"height":0},"classes":[]},{"id":7794,"url":"https:\/\/www.canpintxo.com\/nuestros-productos\/","url_meta":{"origin":8126,"position":3},"title":"DE LA CASA","author":"Patricia","date":"6. April 2021","format":false,"excerpt":"","rel":"","context":"\u00c4hnlicher Beitrag","block_context":{"text":"\u00c4hnlicher Beitrag","link":""},"img":{"alt_text":"logo_alta_png","src":"https:\/\/i0.wp.com\/www.canpintxo.com\/wp-content\/uploads\/2014\/07\/logo_alta_png-300x257.png?resize=350%2C200&ssl=1","width":350,"height":200},"classes":[]},{"id":8265,"url":"https:\/\/www.canpintxo.com\/en\/nuestros-productos\/","url_meta":{"origin":8126,"position":4},"title":"OUR PRODUCTS","author":"Patricia","date":"6. April 2021","format":false,"excerpt":"","rel":"","context":"\u00c4hnlicher Beitrag","block_context":{"text":"\u00c4hnlicher Beitrag","link":""},"img":{"alt_text":"logo_alta_png","src":"https:\/\/i0.wp.com\/www.canpintxo.com\/wp-content\/uploads\/2014\/07\/logo_alta_png-300x257.png?resize=350%2C200&ssl=1","width":350,"height":200},"classes":[]},{"id":2548,"url":"https:\/\/www.canpintxo.com\/ca\/catering-i-grups-2\/","url_meta":{"origin":8126,"position":5},"title":"C\u00e0tering i grups anterior","author":"dnl","date":"16. November 2014","format":false,"excerpt":"","rel":"","context":"\u00c4hnlicher Beitrag","block_context":{"text":"\u00c4hnlicher Beitrag","link":""},"img":{"alt_text":"","src":"","width":0,"height":0},"classes":[]}],"jetpack_sharing_enabled":true,"_links":{"self":[{"href":"https:\/\/www.canpintxo.com\/de\/wp-json\/wp\/v2\/pages\/8126","targetHints":{"allow":["GET"]}}],"collection":[{"href":"https:\/\/www.canpintxo.com\/de\/wp-json\/wp\/v2\/pages"}],"about":[{"href":"https:\/\/www.canpintxo.com\/de\/wp-json\/wp\/v2\/types\/page"}],"author":[{"embeddable":true,"href":"https:\/\/www.canpintxo.com\/de\/wp-json\/wp\/v2\/users\/4"}],"replies":[{"embeddable":true,"href":"https:\/\/www.canpintxo.com\/de\/wp-json\/wp\/v2\/comments?post=8126"}],"version-history":[{"count":40,"href":"https:\/\/www.canpintxo.com\/de\/wp-json\/wp\/v2\/pages\/8126\/revisions"}],"predecessor-version":[{"id":9938,"href":"https:\/\/www.canpintxo.com\/de\/wp-json\/wp\/v2\/pages\/8126\/revisions\/9938"}],"wp:attachment":[{"href":"https:\/\/www.canpintxo.com\/de\/wp-json\/wp\/v2\/media?parent=8126"}],"curies":[{"name":"wp","href":"https:\/\/api.w.org\/{rel}","templated":true}]}}