{"id":8485,"date":"2020-03-17T10:52:14","date_gmt":"2020-03-17T09:52:14","guid":{"rendered":"https:\/\/www.canpintxo.com\/politica-cookies\/"},"modified":"2021-07-07T13:17:29","modified_gmt":"2021-07-07T11:17:29","slug":"politica-cookies","status":"publish","type":"page","link":"https:\/\/www.canpintxo.com\/de\/politica-cookies\/","title":{"rendered":"Cookie-Richtlinie"},"content":{"rendered":"<h2>COOKIE-POLITIK<\/h2>\n<div id=\"clickdatos\">\n<p>Auf der Website <a href=\"https:\/\/www.canpintxo.com\">https:\/\/www.canpintxo.com<\/a> (nachfolgend die Website) verwenden wir Cookies, um die Beziehung der Besucher zu unseren Inhalten zu erleichtern und um uns zu erm\u00f6glichen, Statistiken \u00fcber die Besucher, die wir erhalten, zu erstellen.<\/p>\n<p>Wir informieren Sie dar\u00fcber, dass wir Cookies verwenden k\u00f6nnen, um Ihnen die Navigation durch die Website zu erleichtern, um Sie von anderen Nutzern zu unterscheiden, um Ihnen eine bessere Erfahrung bei der Nutzung der Website zu bieten und um Probleme zu identifizieren, um unsere Website zu verbessern.<\/p>\n<p><strong>Was sind Cookies?<\/strong><\/p>\n<p>Cookies sind kleine Dateien, die in dem von jedem Besucher unserer Website verwendeten Browser gespeichert werden, so dass sich der Server an den Besuch dieses Benutzers erinnern kann, wenn Sie sp\u00e4ter wieder auf unsere Inhalte zugreifen. Diese Informationen geben weder Ihre Identit\u00e4t oder irgendwelche pers\u00f6nlichen Daten preis, noch greifen sie auf die auf Ihrem PC gespeicherten Inhalte zu. Sie erm\u00f6glichen es unserem System jedoch, Sie als einen bestimmten Benutzer zu identifizieren, der die Website schon einmal besucht hat, bestimmte Seiten aufgerufen hat usw., und sie erlauben uns auch, Ihre pers\u00f6nlichen Pr\u00e4ferenzen und technischen Informationen zu speichern.<\/p>\n<p>In \u00dcbereinstimmung mit der Richtlinie 2009\/136\/EG, die in unserer Gesetzgebung durch den zweiten Absatz des Artikels 22 des LSSI entwickelt wurde, und in Anlehnung an die Richtlinien der AEPD, gehen wir dazu \u00fcber, Sie im Detail \u00fcber die Nutzung unserer Website zu informieren.<\/p>\n<p>Nachfolgend finden Sie eine Klassifizierung von Cookies nach einer Reihe von Kategorien. Es ist jedoch zu ber\u00fccksichtigen, dass derselbe Cookie in mehr als einer Kategorie enthalten sein kann.<\/p>\n<div>\n<p><strong>Arten von Cookies nach der Einheit, die sie verwaltet<\/strong><\/p>\n<ul>\n<li>Eigene Cookies: Dies sind solche, die von einem Computer oder einer Domain, die vom Editor selbst verwaltet werden, an das Endger\u00e4t des Benutzers gesendet werden.<\/li>\n<li>Cookies von Drittanbietern: Dies sind solche, die von einem Computer oder einer Domain, die nicht vom Herausgeber, sondern von einer anderen Einheit, die die Daten verarbeitet, an das Endger\u00e4t des Benutzers gesendet werden.<\/li>\n<\/ul>\n<div>\n<p><strong>Arten von Cookies nach der Dauer, die sie aktiv bleiben<\/strong><\/p>\n<ul>\n<li>Sitzungscookies: Dies sind eine Art von Cookies, die dazu dienen, Daten zu sammeln und zu speichern, w\u00e4hrend der Benutzer auf eine Webseite zugreift.<br \/>\nDauerhafte Cookies: Es handelt sich dabei um eine Art von Cookies, bei denen die Daten noch im Terminal gespeichert werden und f\u00fcr einen vom<\/li>\n<li>Verantwortlichen f\u00fcr das Cookie festgelegten Zeitraum, der von wenigen Minuten bis zu mehreren Jahren reichen kann, abgerufen und behandelt werden k\u00f6nnen.<\/li>\n<\/ul>\n<\/div>\n<\/div>\n<div>\n<p><strong>Arten von Cookies nach ihrem Zweck<\/strong><\/p>\n<ul>\n<li>Technische Cookies: Solche, die es dem Benutzer erm\u00f6glichen, durch eine Website, Plattform oder Anwendung zu navigieren und die verschiedenen Optionen oder Dienste, die darin existieren, zu nutzen.<\/li>\n<li>Anpassungs-Cookies: Dies sind solche, die es dem Benutzer erm\u00f6glichen, auf den Dienst mit einigen allgemeinen Merkmalen zuzugreifen, die nach einer Reihe von Kriterien im Terminal des Benutzers vordefiniert sind.<\/li>\n<li>Werbe-Cookies: Dies sind solche, die eine m\u00f6glichst effiziente Verwaltung der Werbefl\u00e4chen erm\u00f6glichen, die der Herausgeber ggf. auf einer Webseite eingef\u00fcgt hat.<\/li>\n<li>Cookies f\u00fcr verhaltensbasierte Werbung: Dies sind solche, die eine m\u00f6glichst effektive Verwaltung der Werbefl\u00e4chen erm\u00f6glichen, die der Herausgeber gegebenenfalls auf einer Webseite eingef\u00fcgt hat. Diese Cookies speichern Informationen \u00fcber das Nutzerverhalten, die durch die kontinuierliche Beobachtung ihrer Surfgewohnheiten gewonnen werden, und erm\u00f6glichen es, ein spezifisches Profil zu erstellen, um darauf basierende Werbung anzuzeigen.<\/li>\n<li>Analyse-Cookies: Diese Cookies erm\u00f6glichen es der f\u00fcr sie verantwortlichen Partei, das Verhalten der Nutzer der Websites, mit denen sie verkn\u00fcpft sind, zu \u00fcberwachen und zu analysieren. Die durch diese Art von Cookies gesammelten Informationen werden f\u00fcr die Messung der Aktivit\u00e4t der Websites verwendet, um Verbesserungen auf der Grundlage der Analyse der von den Nutzern des Dienstes gemachten Angaben einzuf\u00fchren.<\/li>\n<\/ul>\n<\/div>\n<p>Derzeit sind die meisten Browser standardm\u00e4\u00dfig so konfiguriert, dass sie die Installation von Werbe-Cookies oder Drittanbietern auf Ihrem Computer blockieren. Der Benutzer kann die Herkunftsbeschr\u00e4nkungen erweitern, so dass die Eingabe jeder Art von Cookie verhindert wird, oder diese Beschr\u00e4nkungen aufheben, so dass die Eingabe jeder Art von Cookie akzeptiert wird. Wenn Sie daran interessiert sind, Werbe- oder Drittanbieter-Cookies zu akzeptieren, k\u00f6nnen Sie Ihren Browser dahingehend konfigurieren.<\/p>\n<p>Die Annahme durch den Benutzer, indem er auf die Schaltfl\u00e4che <strong>AKZEPTIEREN<\/strong> klickt, die in den anf\u00e4nglichen Informationen \u00fcber Cookies angezeigt wird, bedeutet, dass Sie ausdr\u00fccklich die Zustimmung zu den Verantwortlichen f\u00fcr ihre Verwendung geben, und k\u00f6nnen ihre Rechte aus\u00fcben und ihre Zustimmung jederzeit widerrufen, durch Anfrage an ALICUACAROS GROUP S.L..<\/p>\n<p>Nachfolgend informieren wir Sie detailliert \u00fcber alle Cookies, die von unserer Website installiert werden k\u00f6nnen. Abh\u00e4ngig von Ihrer Navigation, der Konfiguration Ihres Browsers und der Akzeptanz oder Ablehnung derselben, k\u00f6nnen alle oder nur einige von ihnen installiert werden.<\/p>\n<div id=\"listadodecookies\">\n<table style=\"border: 1px solid black;\">\n<tbody>\n<tr align=\"center\">\n<td style=\"border: 1px solid black;\">Namen<\/td>\n<td style=\"border: 1px solid black;\">Kategorie<\/td>\n<td style=\"border: 1px solid black;\">Beschreibung<\/td>\n<td style=\"border: 1px solid black;\">Eigenschaft<\/td>\n<td style=\"border: 1px solid black;\">Dauer<\/td>\n<\/tr>\n<tr id=\"_ga\" align=\"center\">\n<td style=\"border: 1px solid black;\">_ga<\/td>\n<td style=\"border: 1px solid black;\">Analyse<\/td>\n<td style=\"border: 1px solid black;\">Sie wird zur Unterscheidung von Benutzern verwendet.<\/td>\n<td style=\"border: 1px solid black;\">Dritte Parteien<\/td>\n<td style=\"border: 1px solid black;\">2 Jahre<\/td>\n<\/tr>\n<tr id=\"_gid\" align=\"center\">\n<td style=\"border: 1px solid black;\">_gid<\/td>\n<td style=\"border: 1px solid black;\">Analyse<\/td>\n<td style=\"border: 1px solid black;\">Sie wird zur Unterscheidung von Benutzern verwendet.<\/td>\n<td style=\"border: 1px solid black;\">Dritte Parteien<\/td>\n<td style=\"border: 1px solid black;\">24 Stunden<\/td>\n<\/tr>\n<tr id=\"PHPSESSID\" align=\"center\">\n<td style=\"border: 1px solid black;\">PHPSESSID<\/td>\n<td style=\"border: 1px solid black;\">Funktionsweise<\/td>\n<td style=\"border: 1px solid black;\">Dieses Cookie wird von der Verschl\u00fcsselungssprache PHP verwendet, um die Speicherung von Sitzungsvariablen auf dem Webserver zu erm\u00f6glichen.<\/td>\n<td style=\"border: 1px solid black;\">Eigene<\/td>\n<td style=\"border: 1px solid black;\">Ende der Sitzung<\/td>\n<\/tr>\n<tr id=\"wp-settings-\" align=\"center\">\n<td style=\"border: 1px solid black;\">wp-settings-<\/td>\n<td style=\"border: 1px solid black;\">Funktionsweise<\/td>\n<td style=\"border: 1px solid black;\">Dient zum Anpassen der Benutzeroberfl\u00e4che.<\/td>\n<td style=\"border: 1px solid black;\">Eigene<\/td>\n<td style=\"border: 1px solid black;\">1 Jahr<\/td>\n<\/tr>\n<tr id=\"wp-settings-time-\" align=\"center\">\n<td style=\"border: 1px solid black;\">wp-settings-time-<\/td>\n<td style=\"border: 1px solid black;\">Funktionsweise<\/td>\n<td style=\"border: 1px solid black;\">Dient zum Anpassen der Benutzeroberfl\u00e4che.<\/td>\n<td style=\"border: 1px solid black;\">Eigene<\/td>\n<td style=\"border: 1px solid black;\">Ende der Sitzung<\/td>\n<\/tr>\n<tr id=\"_icl_current_language\" align=\"center\">\n<td style=\"border: 1px solid black;\">_icl_current_language<\/td>\n<td style=\"border: 1px solid black;\">Funktionsweise<\/td>\n<td style=\"border: 1px solid black;\">Die Herkunft des Cookies ist uns nicht bekannt<\/td>\n<td style=\"border: 1px solid black;\">Dritte Parteien<\/td>\n<td style=\"border: 1px solid black;\">Die Herkunft des Cookies ist uns nicht bekannt<\/td>\n<\/tr>\n<tr id=\"_icl_visitor_lang_js\" align=\"center\">\n<td style=\"border: 1px solid black;\">_icl_visitor_lang_js<\/td>\n<td style=\"border: 1px solid black;\">Funktionsweise<\/td>\n<td style=\"border: 1px solid black;\">Die Herkunft des Cookies ist uns nicht bekannt<\/td>\n<td style=\"border: 1px solid black;\">Dritte Parteien<\/td>\n<td style=\"border: 1px solid black;\">Die Herkunft des Cookies ist uns nicht bekannt<\/td>\n<\/tr>\n<tr id=\"cookieweb\" align=\"center\">\n<td style=\"border: 1px solid black;\">cookieweb<\/td>\n<td style=\"border: 1px solid black;\">Funktionsweise<\/td>\n<td style=\"border: 1px solid black;\">Die Herkunft des Cookies ist uns nicht bekannt<\/td>\n<td style=\"border: 1px solid black;\">Dritte Parteien<\/td>\n<td style=\"border: 1px solid black;\">Die Herkunft des Cookies ist uns nicht bekannt<\/td>\n<\/tr>\n<tr id=\"_icl_current_admin_language_d41d8cd98f00b204e9800998ecf8427e\" align=\"center\">\n<td style=\"border: 1px solid black;\">_icl_current_admin_language_d41d8cd98f00b204e9800998ecf8427e<\/td>\n<td style=\"border: 1px solid black;\">Funktionsweise<\/td>\n<td style=\"border: 1px solid black;\">Die Herkunft des Cookies ist uns nicht bekannt<\/td>\n<td style=\"border: 1px solid black;\">Dritte Parteien<\/td>\n<td style=\"border: 1px solid black;\">Die Herkunft des Cookies ist uns nicht bekannt<\/td>\n<\/tr>\n<\/tbody>\n<\/table>\n<\/div>\n<p>Wir k\u00f6nnen die Cookie-Richtlinie unserer Website aktualisieren, daher empfehlen wir Ihnen, diese Richtlinie jedes Mal zu \u00fcberpr\u00fcfen, wenn Sie auf unsere Website zugreifen, um genau dar\u00fcber informiert zu sein, wie und wozu wir Cookies verwenden.<\/p>\n<p>Wenn Sie nicht m\u00f6chten, dass Cookies in Ihrem Browser gespeichert werden, oder es vorziehen, jedes Mal informiert zu werden, wenn ein Cookie installiert werden soll, k\u00f6nnen Sie Ihre Browsing-Optionen entsprechend konfigurieren. Bei den meisten Browsern k\u00f6nnen Cookies auf 3 verschiedene Arten verwaltet werden:<\/p>\n<ul>\n<li>Cookies werden immer abgelehnt;<\/li>\n<li>Der Browser fragt f\u00fcr jedes Cookie, ob der Benutzer es installieren m\u00f6chte;<\/li>\n<li>Cookies werden immer akzeptiert;<\/li>\n<\/ul>\n<p>hr Browser enth\u00e4lt m\u00f6glicherweise auch die M\u00f6glichkeit, die Cookies, die auf Ihrem Computer installiert werden sollen, im Detail auszuw\u00e4hlen. Im Einzelnen kann der Benutzer normalerweise eine der folgenden Optionen akzeptieren:<\/p>\n<ul>\n<li>Cookies von bestimmten Domains ablehnen;<\/li>\n<li>Cookies von Drittanbietern ablehnen;<\/li>\n<li>Akzeptieren Sie Cookies als nicht-persistent (werden gel\u00f6scht, wenn der Browser geschlossen wird);<\/li>\n<li>Erlauben Sie dem Server, Cookies f\u00fcr eine andere Domain zu erstellen.<\/li>\n<\/ul>\n<p>Sie k\u00f6nnen die auf Ihrem Computer installierten Cookies zulassen, kennen, blockieren oder l\u00f6schen, indem Sie die auf Ihrem Computer installierten Browseroptionen konfigurieren.<\/p>\n<p>Informationen zur Konfiguration der am h\u00e4ufigsten verwendeten Browser finden Sie an den folgenden Stellen:<\/p>\n<ul>\n<li><strong>Internet Explorer:<\/strong> Extras -&gt; Internetoptionen -&gt; Datenschutz -&gt; Einstellungen. Weitere Informationen erhalten Sie beim <a href=\"https:\/\/support.microsoft.com\/es-es\/windows?ui=es-ES&amp;rs=es-ES&amp;ad=ES\" target=\"_blank\" rel=\"noopener\">Microsoft-Support<\/a> oder in der Hilfe des Browsers.<\/li>\n<li><strong>Firefox:<\/strong> Extras -&gt; Optionen -&gt; Datenschutz -&gt; Verlauf -&gt; Benutzerdefinierte Einstellungen. F\u00fcr weitere Informationen k\u00f6nnen Sie den Mozilla-Support oder die Hilfe des Browsers konsultieren.<\/li>\n<li><strong>Chrome:<\/strong> Einstellungen -&gt; Erweiterte Optionen anzeigen -&gt; Datenschutz -&gt; Inhaltseinstellungen. Weitere Informationen erhalten Sie beim Google-Support oder in der Browser-Hilfe.<\/li>\n<li><strong>Safari:<\/strong> Voreinstellungen -&gt; Sicherheit. F\u00fcr weitere Informationen k\u00f6nnen Sie den Apple-Support oder die Browser-Hilfe konsultieren.<\/li>\n<\/ul>\n<\/div>\n","protected":false},"excerpt":{"rendered":"<p>COOKIE-POLITIK Auf der Website https:\/\/www.canpintxo.com (nachfolgend die Website) verwenden wir Cookies, um die Beziehung der Besucher zu unseren Inhalten zu erleichtern und um uns zu erm\u00f6glichen, Statistiken \u00fcber die Besucher, die wir erhalten, zu erstellen. Wir informieren Sie dar\u00fcber, dass wir Cookies verwenden k\u00f6nnen, um Ihnen die Navigation durch die Website zu erleichtern, um Sie [&hellip;]<\/p>\n","protected":false},"author":4,"featured_media":0,"parent":0,"menu_order":0,"comment_status":"closed","ping_status":"closed","template":"","meta":{"jetpack_post_was_ever_published":false,"footnotes":""},"class_list":["post-8485","page","type-page","status-publish","hentry"],"jetpack_shortlink":"https:\/\/wp.me\/P22Kd7-2cR","jetpack-related-posts":[{"id":6498,"url":"https:\/\/www.canpintxo.com\/de\/avisos-legales\/","url_meta":{"origin":8485,"position":0},"title":"Rechtliche Hinweise","author":"Patricia","date":"17. M\u00e4rz 2020","format":false,"excerpt":"\u00a0 In den vorliegenden rechtlichen Hinweisen findet der Nutzer alle Informationen zu den rechtlichen Bedingungen, die das Verh\u00e4ltnis zwischen den Nutzern und dem Verantwortlichen f\u00fcr die unter der URL-Adresse https:\/\/www.canpintxo.com zug\u00e4ngliche Website (im Folgenden: die Website), die ALICUACAROS GROUP S.L. den Internetnutzern zur Verf\u00fcgung stellt, definieren. Die Nutzung der Website\u2026","rel":"","context":"\u00c4hnlicher Beitrag","block_context":{"text":"\u00c4hnlicher Beitrag","link":""},"img":{"alt_text":"","src":"","width":0,"height":0},"classes":[]},{"id":8379,"url":"https:\/\/www.canpintxo.com\/de\/reserva\/","url_meta":{"origin":8485,"position":1},"title":"RESERVIERUNG","author":"Patricia","date":"6. April 2021","format":false,"excerpt":"","rel":"","context":"\u00c4hnlicher Beitrag","block_context":{"text":"\u00c4hnlicher Beitrag","link":""},"img":{"alt_text":"","src":"","width":0,"height":0},"classes":[]},{"id":8385,"url":"https:\/\/www.canpintxo.com\/de\/compromiso-local\/","url_meta":{"origin":8485,"position":2},"title":"UNSERE LIEFERANTEN","author":"Patricia","date":"30. M\u00e4rz 2021","format":false,"excerpt":"","rel":"","context":"\u00c4hnlicher Beitrag","block_context":{"text":"\u00c4hnlicher Beitrag","link":""},"img":{"alt_text":"","src":"","width":0,"height":0},"classes":[]},{"id":8484,"url":"https:\/\/www.canpintxo.com\/en\/politica-cookies\/","url_meta":{"origin":8485,"position":3},"title":"Cookie Policy","author":"Patricia","date":"17. M\u00e4rz 2020","format":false,"excerpt":"COOKIE POLICY On the website https:\/\/www.canpintxo.com (hereinafter, the Website) we use cookies to facilitate the relationship between visitors and our content and to enable us to compile statistics on the visitors we receive. We inform you that we may use cookies in order to facilitate your navigation through the Website,\u2026","rel":"","context":"\u00c4hnlicher Beitrag","block_context":{"text":"\u00c4hnlicher Beitrag","link":""},"img":{"alt_text":"","src":"","width":0,"height":0},"classes":[]},{"id":6496,"url":"https:\/\/www.canpintxo.com\/en\/avisos-legales\/","url_meta":{"origin":8485,"position":4},"title":"Legal Notices","author":"Patricia","date":"17. M\u00e4rz 2020","format":false,"excerpt":"\u00a0 In this Legal Notice, the User may find all the information relating to the legal conditions that define the relationship between users and the person responsible for the website accessible at the URL address https:\/\/www.canpintxo.com (hereinafter, the website), which ALICUACAROS GROUP S.L. makes available to Internet users. The use\u2026","rel":"","context":"\u00c4hnlicher Beitrag","block_context":{"text":"\u00c4hnlicher Beitrag","link":""},"img":{"alt_text":"","src":"","width":0,"height":0},"classes":[]},{"id":8499,"url":"https:\/\/www.canpintxo.com\/en\/politica-de-privacidad\/","url_meta":{"origin":8485,"position":5},"title":"Privacy Policy","author":"Patricia","date":"7. Juli 2021","format":false,"excerpt":"PRIVACY AND DATA PROTECTION POLICY In compliance with Regulation (EU) 2016\/679 of the European Parliament and of the Council of 27 April 2016 on the protection of natural persons with regard to the processing of personal data, repealing Directive 95\/46\/EC (hereinafter, RGPD), Law 34\/2002 of 11 July, on information society\u2026","rel":"","context":"\u00c4hnlicher Beitrag","block_context":{"text":"\u00c4hnlicher Beitrag","link":""},"img":{"alt_text":"","src":"","width":0,"height":0},"classes":[]}],"jetpack_sharing_enabled":true,"_links":{"self":[{"href":"https:\/\/www.canpintxo.com\/de\/wp-json\/wp\/v2\/pages\/8485","targetHints":{"allow":["GET"]}}],"collection":[{"href":"https:\/\/www.canpintxo.com\/de\/wp-json\/wp\/v2\/pages"}],"about":[{"href":"https:\/\/www.canpintxo.com\/de\/wp-json\/wp\/v2\/types\/page"}],"author":[{"embeddable":true,"href":"https:\/\/www.canpintxo.com\/de\/wp-json\/wp\/v2\/users\/4"}],"replies":[{"embeddable":true,"href":"https:\/\/www.canpintxo.com\/de\/wp-json\/wp\/v2\/comments?post=8485"}],"version-history":[{"count":4,"href":"https:\/\/www.canpintxo.com\/de\/wp-json\/wp\/v2\/pages\/8485\/revisions"}],"predecessor-version":[{"id":8490,"href":"https:\/\/www.canpintxo.com\/de\/wp-json\/wp\/v2\/pages\/8485\/revisions\/8490"}],"wp:attachment":[{"href":"https:\/\/www.canpintxo.com\/de\/wp-json\/wp\/v2\/media?parent=8485"}],"curies":[{"name":"wp","href":"https:\/\/api.w.org\/{rel}","templated":true}]}}