{"id":8500,"date":"2021-07-07T15:39:50","date_gmt":"2021-07-07T13:39:50","guid":{"rendered":"https:\/\/www.canpintxo.com\/politica-de-privacidad\/"},"modified":"2021-07-07T15:59:23","modified_gmt":"2021-07-07T13:59:23","slug":"politica-de-privacidad","status":"publish","type":"page","link":"https:\/\/www.canpintxo.com\/de\/politica-de-privacidad\/","title":{"rendered":"Datenschutzrichtlinie"},"content":{"rendered":"<h2>POLITIK ZUM SCHUTZ DER PRIVATSPH\u00c4RE UND ZUM DATENSCHUTZ<\/h2>\n<p>In \u00dcbereinstimmung mit der Verordnung (EU) 2016\/679 des Europ\u00e4ischen Parlaments und des Rates vom 27. April 2016 zum Schutz nat\u00fcrlicher Personen bei der Verarbeitung personenbezogener Daten und zur Aufhebung der Richtlinie 95\/46\/EG (im Folgenden &#8222;RGPD&#8220;), dem Gesetz 34\/2002 vom 11. Juli \u00fcber Dienste der Informationsgesellschaft und des elektronischen Gesch\u00e4ftsverkehrs (im Folgenden, LSSI-CE) und dem Organgesetz 3\/2018 \u00fcber den Schutz personenbezogener Daten und die Gew\u00e4hrleistung digitaler Rechte (im Folgenden LOPDGDD) garantiert Es Taller de Ca&#8217;n Pintxo den Schutz und die Vertraulichkeit personenbezogener Daten jeglicher Art, die von unseren Kunden zur Verf\u00fcgung gestellt werden, in \u00dcbereinstimmung mit den Bestimmungen der Allgemeinen Verordnung \u00fcber den Schutz personenbezogener Daten.<\/p>\n<p>Die zur Verf\u00fcgung gestellten Daten werden in \u00dcbereinstimmung mit den in der RGPD festgelegten Bedingungen behandelt. In diesem Sinne hat Es Taller de Ca&#8217;n Pintxo die gesetzlich vorgeschriebenen Schutzniveaus angenommen und alle technischen Ma\u00dfnahmen installiert, die in seiner Macht stehen, um den Verlust, den Missbrauch, die Ver\u00e4nderung und den unbefugten Zugriff durch Dritte zu verhindern, wie im Folgenden dargelegt. Dennoch muss sich der Anwender bewusst sein, dass Sicherheitsma\u00dfnahmen im Internet nicht un\u00fcberwindbar sind.<\/p>\n<p>Verantwortlich f\u00fcr die Behandlung<br \/>\nName: ALICUACAROS GROUP S.L.<br \/>\nCIF: B57342081<br \/>\nAdresse: RECTOR\u00cdA, 1<br \/>\nTelefon: 971631643<br \/>\nE-Mail: <a href=\"mailto:info@canpintxo.com\">info@canpintxo.com<\/a><\/p>\n<p><strong>Zweck der Verarbeitung<\/strong><br \/>\nAlle Daten, die von unseren Kunden und\/oder Besuchern der Ca&#8217;n Pintxo-Webseite oder deren Mitarbeitern zur Verf\u00fcgung gestellt werden, werden in ein Register f\u00fcr die Verarbeitung personenbezogener Daten aufgenommen, das unter der Verantwortung von Ca&#8217;n Pintxo erstellt und gepflegt wird und das f\u00fcr die Erbringung der von den Benutzern angeforderten Dienstleistungen oder zur Kl\u00e4rung von Zweifeln oder Fragen unserer Besucher unerl\u00e4sslich ist. Unsere Politik ist es, keine Profile von den Nutzern unserer Dienste zu erstellen.<\/p>\n<p><strong>Rechtm\u00e4\u00dfigkeit der Verarbeitung<\/strong><\/p>\n<ul>\n<li>Vertragsverh\u00e4ltnis: Dieses besteht, wenn Sie eines unserer Produkte kaufen oder eine unserer Dienstleistungen in Anspruch nehmen.<\/li>\n<li>Berechtigtes Interesse: Zur Beantwortung von Anfragen und Beschwerden, die Sie an uns richten, und zur Verwaltung des Einzugs von geschuldeten Betr\u00e4gen.<\/li>\n<li>Ihr Einverst\u00e4ndnis: Wenn Sie ein Nutzer unserer Website sind, erm\u00e4chtigen Sie uns durch Ankreuzen des K\u00e4stchens im Kontaktformular, Ihnen die notwendigen Mitteilungen zu senden, um Ihre Anfrage oder Bitte um Informationen zu beantworten.<\/li>\n<\/ul>\n<p><strong>Adressaten<br \/>\n<\/strong>Wir geben Ihre personenbezogenen Daten an niemanden weiter, mit Ausnahme derjenigen \u00f6ffentlichen oder privaten Stellen, an die wir Ihre personenbezogenen Daten weitergeben m\u00fcssen, um ein Gesetz zu erf\u00fcllen. Zum Beispiel verpflichtet uns das Steuergesetz, der Steuerbeh\u00f6rde bestimmte Informationen \u00fcber wirtschaftliche Vorg\u00e4nge zu liefern, die einen bestimmten Betrag \u00fcberschreiten.<\/p>\n<p>F\u00fcr den Fall, dass wir, abgesehen von den oben genannten F\u00e4llen, Ihre pers\u00f6nlichen Daten an andere Stellen weitergeben m\u00fcssen, werden wir Sie vorher um Ihre Zustimmung bitten, und zwar durch klare Optionen, die es Ihnen erm\u00f6glichen, in dieser Hinsicht zu entscheiden.<\/p>\n<p><strong>Kommunikation<br \/>\n<\/strong>Wir werden keine internationalen \u00dcbertragungen Ihrer personenbezogenen Daten f\u00fcr einen der oben genannten Zwecke vornehmen.<\/p>\n<p><strong>Vorratsspeicherung<\/strong><\/p>\n<p>Wir bewahren Ihre personenbezogenen Daten nur so lange auf, wie es f\u00fcr die Erreichung der Zwecke, f\u00fcr die sie erhoben wurden, erforderlich ist. Bei der Festlegung der angemessenen Aufbewahrungsfrist ber\u00fccksichtigen wir die mit der Verarbeitung verbundenen Risiken sowie unsere vertraglichen, gesetzlichen und beh\u00f6rdlichen Verpflichtungen, die internen Richtlinien zur Datenaufbewahrung und unsere berechtigten Gesch\u00e4ftsinteressen, wie in diesem Datenschutzhinweis und der Cookie-Richtlinie beschrieben.<\/p>\n<p>In diesem Sinne bewahrt Ca&#8217;n Pintxo die personenbezogenen Daten nach Beendigung der Beziehung zu Ihnen, ordnungsgem\u00e4\u00df gesperrt, f\u00fcr die Dauer der Verj\u00e4hrung von Klagen auf, die sich aus der mit dem Interessenten aufrechterhaltenen Beziehung ergeben k\u00f6nnen.<\/p>\n<p>Nach der Sperrung sind Ihre Daten f\u00fcr Ca&#8217;n Pintxo unzug\u00e4nglich und werden nicht mehr verarbeitet, au\u00dfer um sie den \u00f6ffentlichen Verwaltungen, Richtern und Gerichten zur Verf\u00fcgung zu stellen, um eventuelle Verbindlichkeiten, die sich aus der Verarbeitung ergeben, abzuwickeln und zur Aus\u00fcbung und Verteidigung von Anspr\u00fcchen vor der spanischen Datenschutzbeh\u00f6rde.<\/p>\n<p><strong>Sicherheit<br \/>\n<\/strong>Wir unternehmen alle angemessenen Anstrengungen, um die Vertraulichkeit der in unseren Systemen verarbeiteten personenbezogenen Daten zu wahren. Wir halten ein strenges Sicherheitsniveau ein, um die von uns verarbeiteten personenbezogenen Daten gegen zuf\u00e4lligen Verlust und gegen unbefugten Zugriff, Verarbeitung oder Offenlegung zu sch\u00fctzen, wobei der Stand der Technik, die Art und die Risiken, denen die Daten ausgesetzt sind, ber\u00fccksichtigt werden. Wir k\u00f6nnen jedoch nicht f\u00fcr die Nutzung der Daten (einschlie\u00dflich Ihres Benutzernamens und Passworts), die Sie auf unserer Website verwenden, verantwortlich sein. Unsere Mitarbeiter befolgen strenge Datenschutzregeln, und wenn wir Dritte mit der Erbringung von Unterst\u00fctzungsleistungen beauftragen, verlangen wir von ihnen, dass sie sich an dieselben Regeln halten, und erlauben uns, sie auf Einhaltung zu \u00fcberpr\u00fcfen.<\/p>\n<p><strong>Ihre Rechte<\/strong><br \/>\nWir informieren Sie, dass Sie die folgenden Rechte aus\u00fcben k\u00f6nnen:<\/p>\n<ul>\n<li>Recht auf Zugang zu Ihren pers\u00f6nlichen Daten, um zu erfahren, welche Daten verarbeitet werden und welche Verarbeitungsvorg\u00e4nge damit durchgef\u00fchrt werden;<\/li>\n<li>Recht auf Berichtigung unzutreffender personenbezogener Daten;<\/li>\n<li>Recht auf L\u00f6schung Ihrer personenbezogenen Daten, soweit dies m\u00f6glich ist (z.B. durch Gesetz);<\/li>\n<li>Das Recht, die Verarbeitung Ihrer personenbezogenen Daten einzuschr\u00e4nken, wenn Zweifel an der Richtigkeit, Rechtm\u00e4\u00dfigkeit oder Notwendigkeit der<\/li>\n<li>Datenverarbeitung bestehen; in diesem Fall k\u00f6nnen wir die Daten zum Zwecke der Verfolgung oder Abwehr von Anspr\u00fcchen aufbewahren.<\/li>\n<li>Recht auf Widerspruch gegen die Verarbeitung Ihrer personenbezogenen Daten, wenn die Rechtsgrundlage, die uns die Verarbeitung erlaubt, unser berechtigtes Interesse ist. Alicuacaros S.L. wird die Verarbeitung Ihrer Daten einstellen, es sei denn, sie hat ein berechtigtes Interesse oder sie ist zur<\/li>\n<li>Abwehr von Anspr\u00fcchen erforderlich.<\/li>\n<li>Recht auf Portabilit\u00e4t Ihrer Daten, wenn die Rechtsgrundlage, die uns die Verarbeitung erlaubt, das Bestehen eines Vertragsverh\u00e4ltnisses oder Ihre Einwilligung ist.<\/li>\n<li>Das Recht, die erteilte Einwilligung gegen\u00fcber Ca&#8217;n Pintxo zu widerrufen.<\/li>\n<\/ul>\n<p>Um Ihre Rechte auszu\u00fcben, k\u00f6nnen Sie sich jederzeit kostenlos und unter Beif\u00fcgung einer Kopie Ihres Personalausweises an uns unter der Adresse Calle Rector\u00eda, 1 wenden.<\/p>\n<p><strong>Schutz der Rechte<\/strong><br \/>\nSollten Sie das Gef\u00fchl haben, dass Ihre Rechte von unserem Unternehmen missachtet wurden, k\u00f6nnen Sie eine Beschwerde bei der spanischen Datenschutzbeh\u00f6rde einreichen, und zwar auf einem der folgenden Wege<\/p>\n<ul>\n<li>Elektronische Website: https:\/\/www.aepd.es<\/li>\n<li>Postanschrift: Agencia Espa\u00f1ola de Protecci\u00f3n de Datos, C\/ Jorge Juan, 6, 28001, Madrid<\/li>\n<li>Telefon: (+34) 901.100.099 y (+34) 912.663.517<\/li>\n<\/ul>\n<p>Die Einreichung einer Beschwerde bei der spanischen Datenschutzbeh\u00f6rde ist nicht mit Kosten verbunden und es ist nicht notwendig, die Hilfe eines Anwalts oder Notars in Anspruch zu nehmen.<\/p>\n<p><strong>Aktualisierungen<\/strong><br \/>\nCa&#8217;n Pintxo beh\u00e4lt sich das Recht vor, diese Richtlinie zu \u00e4ndern, um sie an neue rechtliche oder juristische Entwicklungen anzupassen, die sich auf die Einhaltung der Richtlinie auswirken k\u00f6nnen.<\/p>\n","protected":false},"excerpt":{"rendered":"<p>POLITIK ZUM SCHUTZ DER PRIVATSPH\u00c4RE UND ZUM DATENSCHUTZ In \u00dcbereinstimmung mit der Verordnung (EU) 2016\/679 des Europ\u00e4ischen Parlaments und des Rates vom 27. April 2016 zum Schutz nat\u00fcrlicher Personen bei der Verarbeitung personenbezogener Daten und zur Aufhebung der Richtlinie 95\/46\/EG (im Folgenden &#8222;RGPD&#8220;), dem Gesetz 34\/2002 vom 11. Juli \u00fcber Dienste der Informationsgesellschaft und des [&hellip;]<\/p>\n","protected":false},"author":4,"featured_media":0,"parent":0,"menu_order":0,"comment_status":"closed","ping_status":"closed","template":"","meta":{"jetpack_post_was_ever_published":false,"footnotes":""},"class_list":["post-8500","page","type-page","status-publish","hentry"],"jetpack_shortlink":"https:\/\/wp.me\/P22Kd7-2d6","jetpack-related-posts":[{"id":6498,"url":"https:\/\/www.canpintxo.com\/de\/avisos-legales\/","url_meta":{"origin":8500,"position":0},"title":"Rechtliche Hinweise","author":"Patricia","date":"17. M\u00e4rz 2020","format":false,"excerpt":"\u00a0 In den vorliegenden rechtlichen Hinweisen findet der Nutzer alle Informationen zu den rechtlichen Bedingungen, die das Verh\u00e4ltnis zwischen den Nutzern und dem Verantwortlichen f\u00fcr die unter der URL-Adresse https:\/\/www.canpintxo.com zug\u00e4ngliche Website (im Folgenden: die Website), die ALICUACAROS GROUP S.L. den Internetnutzern zur Verf\u00fcgung stellt, definieren. Die Nutzung der Website\u2026","rel":"","context":"\u00c4hnlicher Beitrag","block_context":{"text":"\u00c4hnlicher Beitrag","link":""},"img":{"alt_text":"","src":"","width":0,"height":0},"classes":[]},{"id":8485,"url":"https:\/\/www.canpintxo.com\/de\/politica-cookies\/","url_meta":{"origin":8500,"position":1},"title":"Cookie-Richtlinie","author":"Patricia","date":"17. M\u00e4rz 2020","format":false,"excerpt":"COOKIE-POLITIK Auf der Website https:\/\/www.canpintxo.com (nachfolgend die Website) verwenden wir Cookies, um die Beziehung der Besucher zu unseren Inhalten zu erleichtern und um uns zu erm\u00f6glichen, Statistiken \u00fcber die Besucher, die wir erhalten, zu erstellen. Wir informieren Sie dar\u00fcber, dass wir Cookies verwenden k\u00f6nnen, um Ihnen die Navigation durch die\u2026","rel":"","context":"\u00c4hnlicher Beitrag","block_context":{"text":"\u00c4hnlicher Beitrag","link":""},"img":{"alt_text":"","src":"","width":0,"height":0},"classes":[]},{"id":8379,"url":"https:\/\/www.canpintxo.com\/de\/reserva\/","url_meta":{"origin":8500,"position":2},"title":"RESERVIERUNG","author":"Patricia","date":"6. April 2021","format":false,"excerpt":"","rel":"","context":"\u00c4hnlicher Beitrag","block_context":{"text":"\u00c4hnlicher Beitrag","link":""},"img":{"alt_text":"","src":"","width":0,"height":0},"classes":[]},{"id":8385,"url":"https:\/\/www.canpintxo.com\/de\/compromiso-local\/","url_meta":{"origin":8500,"position":3},"title":"UNSERE LIEFERANTEN","author":"Patricia","date":"30. M\u00e4rz 2021","format":false,"excerpt":"","rel":"","context":"\u00c4hnlicher Beitrag","block_context":{"text":"\u00c4hnlicher Beitrag","link":""},"img":{"alt_text":"","src":"","width":0,"height":0},"classes":[]},{"id":8499,"url":"https:\/\/www.canpintxo.com\/en\/politica-de-privacidad\/","url_meta":{"origin":8500,"position":4},"title":"Privacy Policy","author":"Patricia","date":"7. Juli 2021","format":false,"excerpt":"PRIVACY AND DATA PROTECTION POLICY In compliance with Regulation (EU) 2016\/679 of the European Parliament and of the Council of 27 April 2016 on the protection of natural persons with regard to the processing of personal data, repealing Directive 95\/46\/EC (hereinafter, RGPD), Law 34\/2002 of 11 July, on information society\u2026","rel":"","context":"\u00c4hnlicher Beitrag","block_context":{"text":"\u00c4hnlicher Beitrag","link":""},"img":{"alt_text":"","src":"","width":0,"height":0},"classes":[]},{"id":6496,"url":"https:\/\/www.canpintxo.com\/en\/avisos-legales\/","url_meta":{"origin":8500,"position":5},"title":"Legal Notices","author":"Patricia","date":"17. M\u00e4rz 2020","format":false,"excerpt":"\u00a0 In this Legal Notice, the User may find all the information relating to the legal conditions that define the relationship between users and the person responsible for the website accessible at the URL address https:\/\/www.canpintxo.com (hereinafter, the website), which ALICUACAROS GROUP S.L. makes available to Internet users. The use\u2026","rel":"","context":"\u00c4hnlicher Beitrag","block_context":{"text":"\u00c4hnlicher Beitrag","link":""},"img":{"alt_text":"","src":"","width":0,"height":0},"classes":[]}],"jetpack_sharing_enabled":true,"_links":{"self":[{"href":"https:\/\/www.canpintxo.com\/de\/wp-json\/wp\/v2\/pages\/8500","targetHints":{"allow":["GET"]}}],"collection":[{"href":"https:\/\/www.canpintxo.com\/de\/wp-json\/wp\/v2\/pages"}],"about":[{"href":"https:\/\/www.canpintxo.com\/de\/wp-json\/wp\/v2\/types\/page"}],"author":[{"embeddable":true,"href":"https:\/\/www.canpintxo.com\/de\/wp-json\/wp\/v2\/users\/4"}],"replies":[{"embeddable":true,"href":"https:\/\/www.canpintxo.com\/de\/wp-json\/wp\/v2\/comments?post=8500"}],"version-history":[{"count":3,"href":"https:\/\/www.canpintxo.com\/de\/wp-json\/wp\/v2\/pages\/8500\/revisions"}],"predecessor-version":[{"id":8507,"href":"https:\/\/www.canpintxo.com\/de\/wp-json\/wp\/v2\/pages\/8500\/revisions\/8507"}],"wp:attachment":[{"href":"https:\/\/www.canpintxo.com\/de\/wp-json\/wp\/v2\/media?parent=8500"}],"curies":[{"name":"wp","href":"https:\/\/api.w.org\/{rel}","templated":true}]}}