{"id":8499,"date":"2021-07-07T15:39:50","date_gmt":"2021-07-07T13:39:50","guid":{"rendered":"https:\/\/www.canpintxo.com\/politica-de-privacidad\/"},"modified":"2021-07-07T15:53:40","modified_gmt":"2021-07-07T13:53:40","slug":"politica-de-privacidad","status":"publish","type":"page","link":"https:\/\/www.canpintxo.com\/en\/politica-de-privacidad\/","title":{"rendered":"Privacy Policy"},"content":{"rendered":"<h2>PRIVACY AND DATA PROTECTION POLICY<\/h2>\n<p>In compliance with Regulation (EU) 2016\/679 of the European Parliament and of the Council of 27 April 2016 on the protection of natural persons with regard to the processing of personal data, repealing Directive 95\/46\/EC (hereinafter, RGPD), Law 34\/2002 of 11 July, on information society services and electronic commerce (hereinafter, LSSI-CE) and Organic Law 3\/2018, on the Protection of Personal Data and Guarantee of Digital Rights (hereinafter, LOPDGDD), Es Taller de Ca&#8217;n Pintxo guarantees the protection and confidentiality of personal data of any kind provided by our customers, in accordance with the provisions of the General Regulation on the Protection of Personal Data.<\/p>\n<p>The data provided will be treated in accordance with the terms established in the RGPD. In this sense, Es Taller de Ca&#8217;n Pintxo has adopted the legally required levels of protection and has installed all the technical measures within its power to prevent the loss, misuse, alteration and unauthorised access by third parties, as described below. Nevertheless, users should be aware that security measures on the Internet are not impregnable.<\/p>\n<p>Responsible for the processing<br \/>\nName: ALICUACAROS GROUP S.L.<br \/>\nTAX ID: B57342081<br \/>\nAddress: RECTOR\u00cdA, 1<br \/>\nTelephone: 971631643<br \/>\nE-mail: <a href=\"mailto:info@canpintxo.com\">info@canpintxo.com<\/a><\/p>\n<p><strong>Purpose of processing<\/strong><br \/>\nAll data provided by our customers and\/or visitors to the Ca&#8217;n Pintxo website or its staff will be included in a register of personal data processing activities, created and maintained under the responsibility of Ca&#8217;n Pintxo, which is essential to provide the services requested by users, or to resolve any doubts or questions raised by our visitors. Our policy is not to create profiles of the users of our services.<\/p>\n<p><strong>Legitimacy of the processing<\/strong><\/p>\n<ul>\n<li>Contractual relationship: This is the one that applies when you purchase one of our products or contract one of our services.<\/li>\n<li>Legitimate interest: To deal with the queries and complaints that you make to us and to manage the collection of the amounts owed.<\/li>\n<li>Your consent: If you are a user of our website, by ticking the box on the contact form, you authorise us to send you the necessary communications to respond to your query or request for information.<\/li>\n<\/ul>\n<p><strong>Recipients<br \/>\n<\/strong>We do not pass on your personal data to anyone, with the exception of those public or private entities to which we are obliged to provide your personal data in order to comply with any law. For example, the Tax Law obliges us to provide the Tax Agency with certain information on financial transactions exceeding a certain amount.<\/p>\n<p>In the event that, apart from the aforementioned cases, we need to disclose your personal information to other entities, we will request your prior permission through clear options that will allow you to decide in this regard.<\/p>\n<p><strong>Communication<\/strong><br \/>\nWe will not make international transfers of your personal data for any of the above purposes.<\/p>\n<p><strong>Retention<br \/>\n<\/strong>We will only keep your personal data for as long as is necessary to achieve the purposes for which it was collected. When determining the appropriate retention period, we consider the risks involved in the processing, as well as our contractual, legal and regulatory obligations, internal data retention policies and our legitimate business interests as described in this Privacy Notice and Cookies Policy.<\/p>\n<p>In this respect, Ca&#8217;n Pintxo will keep the personal data once its relationship with you has ended, duly blocked, for the period of limitation of any actions that may arise from the relationship maintained with the interested party.<\/p>\n<p>Once blocked, your data will be inaccessible to Ca&#8217;n Pintxo, and will not be processed except to make them available to the Public Administrations, Judges and Courts, to attend to any possible liabilities arising from processing, and for the exercise and defence of claims before the Spanish Data Protection Agency.<\/p>\n<p><strong>Security<\/strong><br \/>\nWe use reasonable efforts to maintain the confidentiality of personal information processed on our systems. We maintain strict levels of security to protect the personal data we process against accidental loss and against unauthorised access, processing or disclosure, taking into account the state of technology and the nature and risks to which the data is exposed. However, we cannot be responsible for your use of the data (including your username and password) that you use on our website. Our staff follow strict privacy rules and where we employ third parties to provide support services, we require them to abide by the same rules and allow us to audit them for compliance.<\/p>\n<p><strong>Your rights<br \/>\n<\/strong>Please note that you may exercise the following rights:<\/p>\n<ul>\n<li>Right of access to your personal data, to know which personal data is being processed and the processing operations carried out on it;<\/li>\n<li>The right to rectify any inaccurate personal data;<\/li>\n<li>Right to erasure of your personal data, where this is possible (e.g. by law);<\/li>\n<li>The right to restrict the processing of your personal data where the accuracy, lawfulness or necessity of the data processing is in doubt, in which case we may retain the data for the purpose of pursuing or defending claims.<\/li>\n<li>The right to object to the processing of your personal data, when the legal basis that enables us to process them is our legitimate interest. Alicuacaros S.L. will stop processing your data unless it has a legitimate interest or it is necessary for the defence of claims.<\/li>\n<li>Right to the portability of your data, when the legal basis that enables us to process it is the existence of a contractual relationship or your consent.<\/li>\n<li>Right to revoke the consent granted to Ca&#8217;n Pintxo.<\/li>\n<\/ul>\n<p>To exercise your rights, you may do so free of charge and at any time by contacting us at the address Calle Rector\u00eda, 1, enclosing a copy of your ID card.<\/p>\n<p><strong>Protection of rights<\/strong><br \/>\nIf you believe that your rights have been disregarded by our entity, you may file a complaint with the Spanish Data Protection Agency, by any of the following means:<\/p>\n<ul>\n<li>Electronic site: <a href=\"https:\/\/www.aepd.es\" target=\"_blank\" rel=\"noopener\">https:\/\/www.aepd.es<\/a><\/li>\n<li>Postal mail: Agencia Espa\u00f1ola de Protecci\u00f3n de Datos, C\/ Jorge Juan, 6, 28001, Madrid<\/li>\n<li>Telephone: (+34) 901.100.099 y (+34) 912.663.517<\/li>\n<\/ul>\n<p>Making a complaint to the Spanish Data Protection Agency does not entail any cost and the assistance of a lawyer or solicitor is not necessary.<\/p>\n<p><strong>Updates<\/strong><br \/>\nCa&#8217;n Pintxo reserves the right to modify this policy to adapt it to new legal or jurisprudential developments that may affect compliance with it.<\/p>\n","protected":false},"excerpt":{"rendered":"<p>PRIVACY AND DATA PROTECTION POLICY In compliance with Regulation (EU) 2016\/679 of the European Parliament and of the Council of 27 April 2016 on the protection of natural persons with regard to the processing of personal data, repealing Directive 95\/46\/EC (hereinafter, RGPD), Law 34\/2002 of 11 July, on information society services and electronic commerce (hereinafter, [&hellip;]<\/p>\n","protected":false},"author":4,"featured_media":0,"parent":0,"menu_order":0,"comment_status":"closed","ping_status":"closed","template":"","meta":{"jetpack_post_was_ever_published":false,"footnotes":""},"class_list":["post-8499","page","type-page","status-publish","hentry"],"jetpack_shortlink":"https:\/\/wp.me\/P22Kd7-2d5","jetpack-related-posts":[{"id":6496,"url":"https:\/\/www.canpintxo.com\/en\/avisos-legales\/","url_meta":{"origin":8499,"position":0},"title":"Legal Notices","author":"Patricia","date":"17 March, 2020","format":false,"excerpt":"\u00a0 In this Legal Notice, the User may find all the information relating to the legal conditions that define the relationship between users and the person responsible for the website accessible at the URL address https:\/\/www.canpintxo.com (hereinafter, the website), which ALICUACAROS GROUP S.L. makes available to Internet users. The use\u2026","rel":"","context":"Similar post","block_context":{"text":"Similar post","link":""},"img":{"alt_text":"","src":"","width":0,"height":0},"classes":[]},{"id":8484,"url":"https:\/\/www.canpintxo.com\/en\/politica-cookies\/","url_meta":{"origin":8499,"position":1},"title":"Cookie Policy","author":"Patricia","date":"17 March, 2020","format":false,"excerpt":"COOKIE POLICY On the website https:\/\/www.canpintxo.com (hereinafter, the Website) we use cookies to facilitate the relationship between visitors and our content and to enable us to compile statistics on the visitors we receive. We inform you that we may use cookies in order to facilitate your navigation through the Website,\u2026","rel":"","context":"Similar post","block_context":{"text":"Similar post","link":""},"img":{"alt_text":"","src":"","width":0,"height":0},"classes":[]},{"id":8265,"url":"https:\/\/www.canpintxo.com\/en\/nuestros-productos\/","url_meta":{"origin":8499,"position":2},"title":"OUR PRODUCTS","author":"Patricia","date":"6 April, 2021","format":false,"excerpt":"","rel":"","context":"Similar post","block_context":{"text":"Similar post","link":""},"img":{"alt_text":"logo_alta_png","src":"https:\/\/i0.wp.com\/www.canpintxo.com\/wp-content\/uploads\/2014\/07\/logo_alta_png-300x257.png?resize=350%2C200&ssl=1","width":350,"height":200},"classes":[]},{"id":8493,"url":"https:\/\/www.canpintxo.com\/politica-de-privacidad\/","url_meta":{"origin":8499,"position":3},"title":"Pol\u00edtica de Privacidad","author":"Patricia","date":"7 July, 2021","format":false,"excerpt":"POL\u00cdTICA DE PRIVACIDAD Y PROTECCI\u00d3N DE DATOS En cumplimiento del Reglamento (UE) 2016\/679 del Parlamento Europeo y del Consejo, de 27 de abril de 2016, relativo a la protecci\u00f3n de las personas f\u00edsicas en lo que respecta al tratamiento de datos personales, por el que se deroga la directiva 95\/46\/CE\u2026","rel":"","context":"Similar post","block_context":{"text":"Similar post","link":""},"img":{"alt_text":"","src":"","width":0,"height":0},"classes":[]},{"id":8268,"url":"https:\/\/www.canpintxo.com\/en\/reserva\/","url_meta":{"origin":8499,"position":4},"title":"RESERVATION","author":"Patricia","date":"6 April, 2021","format":false,"excerpt":"","rel":"","context":"Similar post","block_context":{"text":"Similar post","link":""},"img":{"alt_text":"","src":"","width":0,"height":0},"classes":[]},{"id":7794,"url":"https:\/\/www.canpintxo.com\/nuestros-productos\/","url_meta":{"origin":8499,"position":5},"title":"DE LA CASA","author":"Patricia","date":"6 April, 2021","format":false,"excerpt":"","rel":"","context":"Similar post","block_context":{"text":"Similar post","link":""},"img":{"alt_text":"logo_alta_png","src":"https:\/\/i0.wp.com\/www.canpintxo.com\/wp-content\/uploads\/2014\/07\/logo_alta_png-300x257.png?resize=350%2C200&ssl=1","width":350,"height":200},"classes":[]}],"jetpack_sharing_enabled":true,"_links":{"self":[{"href":"https:\/\/www.canpintxo.com\/en\/wp-json\/wp\/v2\/pages\/8499","targetHints":{"allow":["GET"]}}],"collection":[{"href":"https:\/\/www.canpintxo.com\/en\/wp-json\/wp\/v2\/pages"}],"about":[{"href":"https:\/\/www.canpintxo.com\/en\/wp-json\/wp\/v2\/types\/page"}],"author":[{"embeddable":true,"href":"https:\/\/www.canpintxo.com\/en\/wp-json\/wp\/v2\/users\/4"}],"replies":[{"embeddable":true,"href":"https:\/\/www.canpintxo.com\/en\/wp-json\/wp\/v2\/comments?post=8499"}],"version-history":[{"count":5,"href":"https:\/\/www.canpintxo.com\/en\/wp-json\/wp\/v2\/pages\/8499\/revisions"}],"predecessor-version":[{"id":8504,"href":"https:\/\/www.canpintxo.com\/en\/wp-json\/wp\/v2\/pages\/8499\/revisions\/8504"}],"wp:attachment":[{"href":"https:\/\/www.canpintxo.com\/en\/wp-json\/wp\/v2\/media?parent=8499"}],"curies":[{"name":"wp","href":"https:\/\/api.w.org\/{rel}","templated":true}]}}